{"id":1732,"date":"2018-05-23T13:54:27","date_gmt":"2018-05-23T16:54:27","guid":{"rendered":"http:\/\/150.164.104.182:8080\/direito\/?page_id=1732"},"modified":"2020-04-28T13:35:17","modified_gmt":"2020-04-28T16:35:17","slug":"parceiros-e-apoio","status":"publish","type":"page","link":"https:\/\/ciranda.direito.ufmg.br\/index.php\/parceiros-e-apoio\/","title":{"rendered":"Parceiros e Apoio"},"content":{"rendered":"<style>\n.tjmg{\nmargin-left:0px;\nmargin-top:50px;\n}<\/p>\n<p>.daj{\nmargin-left:400px;\nmargin-top:-200px;\n}\n.ministerio{\nmargin-left:350px;\nmargin-top:-350px;\n}\n.governo{\nmargin-left:400px;\nmargin-top:-550px;\n}\n.contagem{\nmargin-left:345px;\nmargin-top:-1300px;\n}\n.psico{\nmargin-left:0px;\nmargin-top:-130px;\n}\n.contagem{\nmargin-left:350px;\nmargin-top:-200px;\n}\n.forum{\nmargin-left:0px;\nmargin-top:-50px;\n}\n.biblioteca{\nmargin-left:350px;\nmargin-top:-250px;\n}\n<\/style>\n<h2 class=\"normal\">Parceiros:<\/h2>\n<p><img loading=\"lazy\" decoding=\"async\" class=\"tjmg\" src=\"http:\/\/150.164.104.182:8080\/direito\/wp-content\/uploads\/2018\/05\/tjmg-1-300x122.jpg\" alt=\"\" width=\"300\" height=\"122\" \/><br \/>\n<img loading=\"lazy\" decoding=\"async\" class=\"daj\" src=\"http:\/\/150.164.104.182:8080\/direito\/wp-content\/uploads\/2018\/05\/parceria-daj-300x168.png\" alt=\"\" width=\"300\" height=\"168\" \/><\/p>\n<p><img class=\"mg\" alt=\"\" width=\"300\" height=\"159\" \/><br \/>\n<img loading=\"lazy\" decoding=\"async\" class=\"governo\" src=\"http:\/\/150.164.104.182:8080\/direito\/wp-content\/uploads\/2018\/05\/secretaria-da-educacao-do-estado-de-minas-gerais-seducmg-original-267x300.jpg\" alt=\"\" width=\"267\" height=\"300\" \/><\/p>\n<p><img loading=\"lazy\" decoding=\"async\" class=\"ministerio\" src=\"http:\/\/150.164.104.182:8080\/direito\/wp-content\/uploads\/2018\/05\/Logo_mpmg-300x105.png\" alt=\"\" width=\"300\" height=\"105\" \/><\/p>\n<p><img loading=\"lazy\" decoding=\"async\" class=\"psico\"  src=\"http:\/\/150.164.104.182:8080\/direito\/wp50ontent\/uploads\/2018\/05\/5919c0e5e7890-300x159.jpg\" alt=\"\" width=\"300\" height=\"159\" class=\"alignnone size-medium wp-image-1745\" srcset=\"https:\/\/ciranda.direito.ufmg.br\/wp-content\/uploads\/2018\/05\/5919c0e5e7890-300x159.jpg 300w, https:\/\/ciranda.direito.ufmg.br\/wp-content\/uploads\/2018\/05\/5919c0e5e7890-768x407.jpg 768w, https:\/\/ciranda.direito.ufmg.br\/wp-content\/uploads\/2018\/05\/5919c0e5e7890-1024x543.jpg 1024w\" sizes=\"auto, (max-width: 300px) 100vw, 300px\" \/><\/p>\n<p><img loading=\"lazy\" decoding=\"async\" class=\"contagem\"  src=\"http:\/\/150.164.104.182:8080\/direito\/wp-content\/uploads\/2018\/05\/18_logo-300x225.jpg\" alt=\"\" width=\"300\" height=\"225\" class=\"alignnone size-medium wp-image-1739\" srcset=\"https:\/\/ciranda.direito.ufmg.br\/wp-content\/uploads\/2018\/05\/18_logo-300x225.jpg 300w, https:\/\/ciranda.direito.ufmg.br\/wp-content\/uploads\/2018\/05\/18_logo.jpg 640w\" sizes=\"auto, (max-width: 300px) 100vw, 300px\" \/><br \/>\n<img loading=\"lazy\" decoding=\"async\" class=\"forum\" src=\"http:\/\/150.164.104.182:8080\/direito\/wp-content\/uploads\/2018\/05\/logo-1-200x300.jpg\" alt=\"\" width=\"200\" height=\"300\" class=\"alignnone size-medium wp-image-1747\" srcset=\"https:\/\/ciranda.direito.ufmg.br\/wp-content\/uploads\/2018\/05\/logo-1-200x300.jpg 200w, https:\/\/ciranda.direito.ufmg.br\/wp-content\/uploads\/2018\/05\/logo-1.jpg 280w\" sizes=\"auto, (max-width: 200px) 100vw, 200px\" \/><br \/>\n<img loading=\"lazy\" decoding=\"async\" class=\"biblioteca\" src=\"http:\/\/150.164.104.182:8080\/direito\/wp-content\/uploads\/2018\/05\/images.jpg\" alt=\"\" width=\"224\" height=\"224\" class=\"alignnone size-full wp-image-1746\" srcset=\"https:\/\/ciranda.direito.ufmg.br\/wp-content\/uploads\/2018\/05\/images.jpg 224w, https:\/\/ciranda.direito.ufmg.br\/wp-content\/uploads\/2018\/05\/images-150x150.jpg 150w, https:\/\/ciranda.direito.ufmg.br\/wp-content\/uploads\/2018\/05\/images-160x160.jpg 160w\" sizes=\"auto, (max-width: 224px) 100vw, 224px\" \/><\/p>\n<h4><img loading=\"lazy\" decoding=\"async\" src=\"http:\/\/150.164.104.182:8080\/direito\/wp-content\/uploads\/2018\/05\/logo_minasgeraismarca-1-300x105.jpg\" alt=\"\" width=\"300\" height=\"105\" class=\"alignnone size-medium wp-image-1748\" srcset=\"https:\/\/ciranda.direito.ufmg.br\/wp-content\/uploads\/2018\/05\/logo_minasgeraismarca-1-300x105.jpg 300w, https:\/\/ciranda.direito.ufmg.br\/wp-content\/uploads\/2018\/05\/logo_minasgeraismarca-1-768x269.jpg 768w, https:\/\/ciranda.direito.ufmg.br\/wp-content\/uploads\/2018\/05\/logo_minasgeraismarca-1-1024x358.jpg 1024w\" sizes=\"auto, (max-width: 300px) 100vw, 300px\" \/> Centro de Interna\u00e7\u00e3o Horto<\/h4>\n<h4><img loading=\"lazy\" decoding=\"async\" src=\"http:\/\/150.164.104.182:8080\/direito\/wp-content\/uploads\/2018\/05\/logo_minasgeraismarca-1-300x105.jpg\" alt=\"\" width=\"300\" height=\"105\" class=\"alignnone size-medium wp-image-1748\" srcset=\"https:\/\/ciranda.direito.ufmg.br\/wp-content\/uploads\/2018\/05\/logo_minasgeraismarca-1-300x105.jpg 300w, https:\/\/ciranda.direito.ufmg.br\/wp-content\/uploads\/2018\/05\/logo_minasgeraismarca-1-768x269.jpg 768w, https:\/\/ciranda.direito.ufmg.br\/wp-content\/uploads\/2018\/05\/logo_minasgeraismarca-1-1024x358.jpg 1024w\" sizes=\"auto, (max-width: 300px) 100vw, 300px\" \/> Centro de Interna\u00e7\u00e3o Santa Helena<\/h4>\n<h2 class=\"normal\">Apoio:<\/h2>\n<h4><img loading=\"lazy\" decoding=\"async\" src=\"http:\/\/150.164.104.182:8080\/direito\/wp-content\/uploads\/2018\/05\/images-1-300x169.jpg\" alt=\"\" width=\"300\" height=\"169\" class=\"alignnone size-medium wp-image-1756\" srcset=\"https:\/\/ciranda.direito.ufmg.br\/wp-content\/uploads\/2018\/05\/images-1-300x169.jpg 300w, https:\/\/ciranda.direito.ufmg.br\/wp-content\/uploads\/2018\/05\/images-1-768x432.jpg 768w, https:\/\/ciranda.direito.ufmg.br\/wp-content\/uploads\/2018\/05\/images-1-1024x576.jpg 1024w, https:\/\/ciranda.direito.ufmg.br\/wp-content\/uploads\/2018\/05\/images-1.jpg 1280w\" sizes=\"auto, (max-width: 300px) 100vw, 300px\" \/>  Dep. Gabriel Guimar\u00e3es<\/h4>\n","protected":false},"excerpt":{"rendered":"<p>Parceiros: Centro de Interna\u00e7\u00e3o Horto Centro de Interna\u00e7\u00e3o Santa Helena Apoio: Dep. Gabriel Guimar\u00e3es<\/p>\n","protected":false},"author":1,"featured_media":0,"parent":0,"menu_order":0,"comment_status":"closed","ping_status":"closed","template":"","meta":{"footnotes":""},"class_list":["post-1732","page","type-page","status-publish","hentry"],"yoast_head":"<!-- This site is optimized with the Yoast SEO plugin v25.3 - https:\/\/yoast.com\/wordpress\/plugins\/seo\/ -->\n<title>Parceiros e Apoio - Ciranda<\/title>\n<meta name=\"robots\" content=\"index, follow, max-snippet:-1, max-image-preview:large, max-video-preview:-1\" \/>\n<link rel=\"canonical\" href=\"https:\/\/ciranda.direito.ufmg.br\/index.php\/parceiros-e-apoio\/\" \/>\n<meta property=\"og:locale\" content=\"pt_BR\" \/>\n<meta property=\"og:type\" content=\"article\" \/>\n<meta property=\"og:title\" content=\"Parceiros e Apoio - Ciranda\" \/>\n<meta property=\"og:description\" content=\"Parceiros: Centro de Interna\u00e7\u00e3o Horto Centro de Interna\u00e7\u00e3o Santa Helena Apoio: Dep. Gabriel Guimar\u00e3es\" \/>\n<meta property=\"og:url\" content=\"https:\/\/ciranda.direito.ufmg.br\/index.php\/parceiros-e-apoio\/\" \/>\n<meta property=\"og:site_name\" content=\"Ciranda\" \/>\n<meta property=\"article:publisher\" content=\"https:\/\/www.facebook.com\/cirandaufmg\/\" \/>\n<meta property=\"article:modified_time\" content=\"2020-04-28T16:35:17+00:00\" \/>\n<meta property=\"og:image\" content=\"http:\/\/150.164.104.182:8080\/direito\/wp-content\/uploads\/2018\/05\/tjmg-1-300x122.jpg\" \/>\n<meta name=\"twitter:card\" content=\"summary_large_image\" \/>\n<script type=\"application\/ld+json\" class=\"yoast-schema-graph\">{\"@context\":\"https:\/\/schema.org\",\"@graph\":[{\"@type\":\"WebPage\",\"@id\":\"https:\/\/ciranda.direito.ufmg.br\/index.php\/parceiros-e-apoio\/\",\"url\":\"https:\/\/ciranda.direito.ufmg.br\/index.php\/parceiros-e-apoio\/\",\"name\":\"Parceiros e Apoio - Ciranda\",\"isPartOf\":{\"@id\":\"https:\/\/ciranda.direito.ufmg.br\/#website\"},\"primaryImageOfPage\":{\"@id\":\"https:\/\/ciranda.direito.ufmg.br\/index.php\/parceiros-e-apoio\/#primaryimage\"},\"image\":{\"@id\":\"https:\/\/ciranda.direito.ufmg.br\/index.php\/parceiros-e-apoio\/#primaryimage\"},\"thumbnailUrl\":\"http:\/\/150.164.104.182:8080\/direito\/wp-content\/uploads\/2018\/05\/tjmg-1-300x122.jpg\",\"datePublished\":\"2018-05-23T16:54:27+00:00\",\"dateModified\":\"2020-04-28T16:35:17+00:00\",\"breadcrumb\":{\"@id\":\"https:\/\/ciranda.direito.ufmg.br\/index.php\/parceiros-e-apoio\/#breadcrumb\"},\"inLanguage\":\"pt-BR\",\"potentialAction\":[{\"@type\":\"ReadAction\",\"target\":[\"https:\/\/ciranda.direito.ufmg.br\/index.php\/parceiros-e-apoio\/\"]}]},{\"@type\":\"ImageObject\",\"inLanguage\":\"pt-BR\",\"@id\":\"https:\/\/ciranda.direito.ufmg.br\/index.php\/parceiros-e-apoio\/#primaryimage\",\"url\":\"http:\/\/150.164.104.182:8080\/direito\/wp-content\/uploads\/2018\/05\/tjmg-1-300x122.jpg\",\"contentUrl\":\"http:\/\/150.164.104.182:8080\/direito\/wp-content\/uploads\/2018\/05\/tjmg-1-300x122.jpg\"},{\"@type\":\"BreadcrumbList\",\"@id\":\"https:\/\/ciranda.direito.ufmg.br\/index.php\/parceiros-e-apoio\/#breadcrumb\",\"itemListElement\":[{\"@type\":\"ListItem\",\"position\":1,\"name\":\"In\u00edcio\",\"item\":\"https:\/\/ciranda.direito.ufmg.br\/\"},{\"@type\":\"ListItem\",\"position\":2,\"name\":\"Parceiros e Apoio\"}]},{\"@type\":\"WebSite\",\"@id\":\"https:\/\/ciranda.direito.ufmg.br\/#website\",\"url\":\"https:\/\/ciranda.direito.ufmg.br\/\",\"name\":\"Ciranda\",\"description\":\"Justi\u00e7a Restaurativa\",\"publisher\":{\"@id\":\"https:\/\/ciranda.direito.ufmg.br\/#organization\"},\"potentialAction\":[{\"@type\":\"SearchAction\",\"target\":{\"@type\":\"EntryPoint\",\"urlTemplate\":\"https:\/\/ciranda.direito.ufmg.br\/?s={search_term_string}\"},\"query-input\":{\"@type\":\"PropertyValueSpecification\",\"valueRequired\":true,\"valueName\":\"search_term_string\"}}],\"inLanguage\":\"pt-BR\"},{\"@type\":\"Organization\",\"@id\":\"https:\/\/ciranda.direito.ufmg.br\/#organization\",\"name\":\"Ciranda\",\"url\":\"https:\/\/ciranda.direito.ufmg.br\/\",\"logo\":{\"@type\":\"ImageObject\",\"inLanguage\":\"pt-BR\",\"@id\":\"https:\/\/ciranda.direito.ufmg.br\/#\/schema\/logo\/image\/\",\"url\":\"https:\/\/ciranda.direito.ufmg.br\/wp-content\/uploads\/2018\/08\/ciranda-logo-com-nome.png\",\"contentUrl\":\"https:\/\/ciranda.direito.ufmg.br\/wp-content\/uploads\/2018\/08\/ciranda-logo-com-nome.png\",\"width\":840,\"height\":700,\"caption\":\"Ciranda\"},\"image\":{\"@id\":\"https:\/\/ciranda.direito.ufmg.br\/#\/schema\/logo\/image\/\"},\"sameAs\":[\"https:\/\/www.facebook.com\/cirandaufmg\/\",\"https:\/\/www.instagram.com\/cirandaufmg\/\"]}]}<\/script>\n<!-- \/ Yoast SEO plugin. -->","yoast_head_json":{"title":"Parceiros e Apoio - Ciranda","robots":{"index":"index","follow":"follow","max-snippet":"max-snippet:-1","max-image-preview":"max-image-preview:large","max-video-preview":"max-video-preview:-1"},"canonical":"https:\/\/ciranda.direito.ufmg.br\/index.php\/parceiros-e-apoio\/","og_locale":"pt_BR","og_type":"article","og_title":"Parceiros e Apoio - Ciranda","og_description":"Parceiros: Centro de Interna\u00e7\u00e3o Horto Centro de Interna\u00e7\u00e3o Santa Helena Apoio: Dep. Gabriel Guimar\u00e3es","og_url":"https:\/\/ciranda.direito.ufmg.br\/index.php\/parceiros-e-apoio\/","og_site_name":"Ciranda","article_publisher":"https:\/\/www.facebook.com\/cirandaufmg\/","article_modified_time":"2020-04-28T16:35:17+00:00","og_image":[{"url":"http:\/\/150.164.104.182:8080\/direito\/wp-content\/uploads\/2018\/05\/tjmg-1-300x122.jpg","type":"","width":"","height":""}],"twitter_card":"summary_large_image","schema":{"@context":"https:\/\/schema.org","@graph":[{"@type":"WebPage","@id":"https:\/\/ciranda.direito.ufmg.br\/index.php\/parceiros-e-apoio\/","url":"https:\/\/ciranda.direito.ufmg.br\/index.php\/parceiros-e-apoio\/","name":"Parceiros e Apoio - Ciranda","isPartOf":{"@id":"https:\/\/ciranda.direito.ufmg.br\/#website"},"primaryImageOfPage":{"@id":"https:\/\/ciranda.direito.ufmg.br\/index.php\/parceiros-e-apoio\/#primaryimage"},"image":{"@id":"https:\/\/ciranda.direito.ufmg.br\/index.php\/parceiros-e-apoio\/#primaryimage"},"thumbnailUrl":"http:\/\/150.164.104.182:8080\/direito\/wp-content\/uploads\/2018\/05\/tjmg-1-300x122.jpg","datePublished":"2018-05-23T16:54:27+00:00","dateModified":"2020-04-28T16:35:17+00:00","breadcrumb":{"@id":"https:\/\/ciranda.direito.ufmg.br\/index.php\/parceiros-e-apoio\/#breadcrumb"},"inLanguage":"pt-BR","potentialAction":[{"@type":"ReadAction","target":["https:\/\/ciranda.direito.ufmg.br\/index.php\/parceiros-e-apoio\/"]}]},{"@type":"ImageObject","inLanguage":"pt-BR","@id":"https:\/\/ciranda.direito.ufmg.br\/index.php\/parceiros-e-apoio\/#primaryimage","url":"http:\/\/150.164.104.182:8080\/direito\/wp-content\/uploads\/2018\/05\/tjmg-1-300x122.jpg","contentUrl":"http:\/\/150.164.104.182:8080\/direito\/wp-content\/uploads\/2018\/05\/tjmg-1-300x122.jpg"},{"@type":"BreadcrumbList","@id":"https:\/\/ciranda.direito.ufmg.br\/index.php\/parceiros-e-apoio\/#breadcrumb","itemListElement":[{"@type":"ListItem","position":1,"name":"In\u00edcio","item":"https:\/\/ciranda.direito.ufmg.br\/"},{"@type":"ListItem","position":2,"name":"Parceiros e Apoio"}]},{"@type":"WebSite","@id":"https:\/\/ciranda.direito.ufmg.br\/#website","url":"https:\/\/ciranda.direito.ufmg.br\/","name":"Ciranda","description":"Justi\u00e7a Restaurativa","publisher":{"@id":"https:\/\/ciranda.direito.ufmg.br\/#organization"},"potentialAction":[{"@type":"SearchAction","target":{"@type":"EntryPoint","urlTemplate":"https:\/\/ciranda.direito.ufmg.br\/?s={search_term_string}"},"query-input":{"@type":"PropertyValueSpecification","valueRequired":true,"valueName":"search_term_string"}}],"inLanguage":"pt-BR"},{"@type":"Organization","@id":"https:\/\/ciranda.direito.ufmg.br\/#organization","name":"Ciranda","url":"https:\/\/ciranda.direito.ufmg.br\/","logo":{"@type":"ImageObject","inLanguage":"pt-BR","@id":"https:\/\/ciranda.direito.ufmg.br\/#\/schema\/logo\/image\/","url":"https:\/\/ciranda.direito.ufmg.br\/wp-content\/uploads\/2018\/08\/ciranda-logo-com-nome.png","contentUrl":"https:\/\/ciranda.direito.ufmg.br\/wp-content\/uploads\/2018\/08\/ciranda-logo-com-nome.png","width":840,"height":700,"caption":"Ciranda"},"image":{"@id":"https:\/\/ciranda.direito.ufmg.br\/#\/schema\/logo\/image\/"},"sameAs":["https:\/\/www.facebook.com\/cirandaufmg\/","https:\/\/www.instagram.com\/cirandaufmg\/"]}]}},"_links":{"self":[{"href":"https:\/\/ciranda.direito.ufmg.br\/index.php\/wp-json\/wp\/v2\/pages\/1732","targetHints":{"allow":["GET"]}}],"collection":[{"href":"https:\/\/ciranda.direito.ufmg.br\/index.php\/wp-json\/wp\/v2\/pages"}],"about":[{"href":"https:\/\/ciranda.direito.ufmg.br\/index.php\/wp-json\/wp\/v2\/types\/page"}],"author":[{"embeddable":true,"href":"https:\/\/ciranda.direito.ufmg.br\/index.php\/wp-json\/wp\/v2\/users\/1"}],"replies":[{"embeddable":true,"href":"https:\/\/ciranda.direito.ufmg.br\/index.php\/wp-json\/wp\/v2\/comments?post=1732"}],"version-history":[{"count":0,"href":"https:\/\/ciranda.direito.ufmg.br\/index.php\/wp-json\/wp\/v2\/pages\/1732\/revisions"}],"wp:attachment":[{"href":"https:\/\/ciranda.direito.ufmg.br\/index.php\/wp-json\/wp\/v2\/media?parent=1732"}],"curies":[{"name":"wp","href":"https:\/\/api.w.org\/{rel}","templated":true}]}}