{"id":1546,"date":"2017-11-17T13:54:41","date_gmt":"2017-11-17T15:54:41","guid":{"rendered":"http:\/\/150.164.104.182:8080\/direito\/?page_id=1546"},"modified":"2020-04-28T13:35:02","modified_gmt":"2020-04-28T16:35:02","slug":"noticias","status":"publish","type":"page","link":"https:\/\/ciranda.direito.ufmg.br\/","title":{"rendered":"Not\u00edcias"},"content":{"rendered":"    <div data-options='{&quot;id&quot;:&quot;2331&quot;,&quot;lazy_load&quot;:&quot;no&quot;,&quot;masonry_enable&quot;:&quot;no&quot;,&quot;view_type&quot;:&quot;grid&quot;}' id=\"post-grid-2331\" class=\"post-grid grid\">\n        <div class=\"grid-items\">\n      <div class=\"item item-2500 skin flat even 0 \">\n        <div class=\"layer-wrapper layout-2532\">\n          <div class=\"layer-media \"\n        id=\"\">\n        <div\n        class=\"element element_1  element-media \">\n        <img decoding=\"async\" src=\"https:\/\/ciranda.direito.ufmg.br\/wp-content\/uploads\/2020\/06\/I1-724x1024.png\" \/>    <\/div>\n    <\/div>\n    <div class=\"layer-content element_3\"\n        id=\"\">\n        <div class=\"element element_4  title \">\n                    <a target=\"\"\n                href=\"https:\/\/ciranda.direito.ufmg.br\/index.php\/edital-para-selecao-de-novos-extensionistas-2020-1\/\">Edital para Sele\u00e7\u00e3o de Novos Pesquisadores e Extensionistas 2020.1<\/a>\n            <\/div>\n    <div class=\"element element_5  excerpt \">\n        O Ciranda torna p\u00fablico seu edital para sele\u00e7\u00e3o de novos\u00a0 pesquisadores e extensionistas! Edital 2020\/1 - Sele\u00e7\u00e3o de Pesquisadores e            <\/div>\n            <a class=\"element element_6  read_more \"\n            target=\"\"\n            href=\"https:\/\/ciranda.direito.ufmg.br\/index.php\/edital-para-selecao-de-novos-extensionistas-2020-1\/\"><\/a>\n        <\/div>\n    <\/div>\n  <\/div><div class=\"item item-2491 skin flat odd 1 \">\n        <div class=\"layer-wrapper layout-2532\">\n          <div class=\"layer-media \"\n        id=\"\">\n        <div\n        class=\"element element_1  element-media \">\n        <img decoding=\"async\" src=\"https:\/\/ciranda.direito.ufmg.br\/wp-content\/uploads\/2018\/09\/STILL-1_NIKON.jpg\" \/>    <\/div>\n    <\/div>\n    <div class=\"layer-content element_3\"\n        id=\"\">\n        <div class=\"element element_4  title \">\n                    <a target=\"\"\n                href=\"https:\/\/ciranda.direito.ufmg.br\/index.php\/disciplina-transversal-em-direitos-humanos-sobre-justica-restaurativa-2020\/\">Disciplina Transversal em Direitos Humanos sobre Justi\u00e7a Restaurativa 2020<\/a>\n            <\/div>\n    <div class=\"element element_5  excerpt \">\n        No pr\u00f3ximo semestre, o Ciranda oferecer\u00e1 15 encontros na Disciplina Transversal: \u201cT\u00f3picos em Direitos Humanos \u2013 Perspectivas Contempor\u00e2neas C \u2013            <\/div>\n            <a class=\"element element_6  read_more \"\n            target=\"\"\n            href=\"https:\/\/ciranda.direito.ufmg.br\/index.php\/disciplina-transversal-em-direitos-humanos-sobre-justica-restaurativa-2020\/\"><\/a>\n        <\/div>\n    <\/div>\n  <\/div><div class=\"item item-2479 skin flat even 2 \">\n        <div class=\"layer-wrapper layout-2532\">\n          <div class=\"layer-media \"\n        id=\"\">\n        <div\n        class=\"element element_1  element-media \">\n        <img decoding=\"async\" src=\"https:\/\/ciranda.direito.ufmg.br\/wp-content\/uploads\/2019\/09\/Divulga\u00e7\u00e3o-GE.png\" \/>    <\/div>\n    <\/div>\n    <div class=\"layer-content element_3\"\n        id=\"\">\n        <div class=\"element element_4  title \">\n                    <a target=\"\"\n                href=\"https:\/\/ciranda.direito.ufmg.br\/index.php\/grupo-de-estudos-em-justica-restaurativa-2019-02\/\">GRUPO DE ESTUDOS EM JUSTI\u00c7A RESTAURATIVA - 2019\/02<\/a>\n            <\/div>\n    <div class=\"element element_5  excerpt \">\n        Neste semestre, o grupo de estudos do Projeto Ciranda ocorrer\u00e1 \u00e0s quintas-feiras, de 17:30 \u00e0s 18:30, na sala 702 do            <\/div>\n            <a class=\"element element_6  read_more \"\n            target=\"\"\n            href=\"https:\/\/ciranda.direito.ufmg.br\/index.php\/grupo-de-estudos-em-justica-restaurativa-2019-02\/\"><\/a>\n        <\/div>\n    <\/div>\n  <\/div><div class=\"item item-2434 skin flat odd 3 \">\n        <div class=\"layer-wrapper layout-2532\">\n          <div class=\"layer-media \"\n        id=\"\">\n        <div\n        class=\"element element_1  element-media \">\n        <img decoding=\"async\" src=\"https:\/\/ciranda.direito.ufmg.br\/wp-content\/uploads\/2019\/07\/WhatsApp-Image-2019-07-08-at-18.37.47.jpeg\" \/>    <\/div>\n    <\/div>\n    <div class=\"layer-content element_3\"\n        id=\"\">\n        <div class=\"element element_4  title \">\n                    <a target=\"\"\n                href=\"https:\/\/ciranda.direito.ufmg.br\/index.php\/curso-de-justica-restaurativa\/\">Curso de Justi\u00e7a Restaurativa<\/a>\n            <\/div>\n    <div class=\"element element_5  excerpt \">\n        O Projeto Ciranda UFMG oferecer\u00e1, nos meses de setembro e outubro, seu curso de Forma\u00e7\u00e3o em Justi\u00e7a Restaurativa. Essa iniciativa            <\/div>\n            <a class=\"element element_6  read_more \"\n            target=\"\"\n            href=\"https:\/\/ciranda.direito.ufmg.br\/index.php\/curso-de-justica-restaurativa\/\"><\/a>\n        <\/div>\n    <\/div>\n  <\/div><div class=\"item item-2585 skin flat even 4 \">\n        <div class=\"layer-wrapper layout-2532\">\n          <div class=\"layer-media \"\n        id=\"\">\n        <div\n        class=\"element element_1  element-media \">\n            <\/div>\n    <\/div>\n    <div class=\"layer-content element_3\"\n        id=\"\">\n        <div class=\"element element_4  title \">\n                    <a target=\"\"\n                href=\"https:\/\/ciranda.direito.ufmg.br\/index.php\/resultado-do-edital-02-2022\/\">Resultado do Edital 02\/2022<\/a>\n            <\/div>\n    <div class=\"element element_5  excerpt \">\n        Est\u00e1 dispon\u00edvel o resultado da sele\u00e7\u00e3o de pesquisadores bolsistas para o Programa Ciranda, conforme edital 02\/2022. RESULTADO EDITAL 002_2022 (2)            <\/div>\n            <a class=\"element element_6  read_more \"\n            target=\"\"\n            href=\"https:\/\/ciranda.direito.ufmg.br\/index.php\/resultado-do-edital-02-2022\/\"><\/a>\n        <\/div>\n    <\/div>\n  <\/div><div class=\"item item-2577 skin flat odd 5 \">\n        <div class=\"layer-wrapper layout-2532\">\n          <div class=\"layer-media \"\n        id=\"\">\n        <div\n        class=\"element element_1  element-media \">\n            <\/div>\n    <\/div>\n    <div class=\"layer-content element_3\"\n        id=\"\">\n        <div class=\"element element_4  title \">\n                    <a target=\"\"\n                href=\"https:\/\/ciranda.direito.ufmg.br\/index.php\/edital-para-selecao-de-novos-membros-002-2022\/\">Edital para Sele\u00e7\u00e3o de Novos Membros 002\/2022<\/a>\n            <\/div>\n    <div class=\"element element_5  excerpt \">\n        O Ciranda torna p\u00fablico seu edital para sele\u00e7\u00e3o de novos\u00a0 pesquisadores! Confira o edital na \u00edntegra no link abaixo. Edital            <\/div>\n            <a class=\"element element_6  read_more \"\n            target=\"\"\n            href=\"https:\/\/ciranda.direito.ufmg.br\/index.php\/edital-para-selecao-de-novos-membros-002-2022\/\"><\/a>\n        <\/div>\n    <\/div>\n  <\/div><div class=\"item item-2460 skin flat even 6 \">\n        <div class=\"layer-wrapper layout-2532\">\n          <div class=\"layer-media \"\n        id=\"\">\n        <div\n        class=\"element element_1  element-media \">\n        <img decoding=\"async\" src=\"https:\/\/ciranda.direito.ufmg.br\/wp-content\/uploads\/2019\/08\/Divulga\u00e7\u00e3o-edital.png\" \/>    <\/div>\n    <\/div>\n    <div class=\"layer-content element_3\"\n        id=\"\">\n        <div class=\"element element_4  title \">\n                    <a target=\"\"\n                href=\"https:\/\/ciranda.direito.ufmg.br\/index.php\/edital-para-selecao-de-extensionistas-2019-2\/\">Edital para Sele\u00e7\u00e3o de Extensionistas 2019.2<\/a>\n            <\/div>\n    <div class=\"element element_5  excerpt \">\n        O Ciranda convida xs interessadxs a participarem da sele\u00e7\u00e3o para novxs extensionistas!            <\/div>\n            <a class=\"element element_6  read_more \"\n            target=\"\"\n            href=\"https:\/\/ciranda.direito.ufmg.br\/index.php\/edital-para-selecao-de-extensionistas-2019-2\/\"><\/a>\n        <\/div>\n    <\/div>\n  <\/div><div class=\"item item-2423 skin flat odd 7 \">\n        <div class=\"layer-wrapper layout-2532\">\n          <div class=\"layer-media \"\n        id=\"\">\n        <div\n        class=\"element element_1  element-media \">\n        <img decoding=\"async\" src=\"https:\/\/ciranda.direito.ufmg.br\/wp-content\/uploads\/2019\/08\/experi\u00eancias-de-injusti\u00e7a-e-o-di\u00e1logo.png\" \/>    <\/div>\n    <\/div>\n    <div class=\"layer-content element_3\"\n        id=\"\">\n        <div class=\"element element_4  title \">\n                    <a target=\"\"\n                href=\"https:\/\/ciranda.direito.ufmg.br\/index.php\/ciranda-oferta-disciplina-transversal-em-direitos-humanos-sobre-justica-restaurativa\/\">Ciranda oferta Disciplina Transversal em Direitos Humanos sobre Justi\u00e7a Restaurativa<\/a>\n            <\/div>\n    <div class=\"element element_5  excerpt \">\n        No pr\u00f3ximo semestre, o Ciranda oferecer\u00e1 15 encontros na Disciplina Transversal: \u201cT\u00f3picos em Direitos Humanos \u2013 Perspectivas Contempor\u00e2neas A \u2013            <\/div>\n            <a class=\"element element_6  read_more \"\n            target=\"\"\n            href=\"https:\/\/ciranda.direito.ufmg.br\/index.php\/ciranda-oferta-disciplina-transversal-em-direitos-humanos-sobre-justica-restaurativa\/\"><\/a>\n        <\/div>\n    <\/div>\n  <\/div><div class=\"item item-2398 skin flat even 8 \">\n        <div class=\"layer-wrapper layout-2532\">\n          <div class=\"layer-media \"\n        id=\"\">\n        <div\n        class=\"element element_1  element-media \">\n        <img decoding=\"async\" src=\"https:\/\/ciranda.direito.ufmg.br\/wp-content\/uploads\/2019\/03\/Divulga\u00e7\u00e3o-do-GE-2019.1-1.jpg\" \/>    <\/div>\n    <\/div>\n    <div class=\"layer-content element_3\"\n        id=\"\">\n        <div class=\"element element_4  title \">\n                    <a target=\"\"\n                href=\"https:\/\/ciranda.direito.ufmg.br\/index.php\/ge-2019-1-justica-restaurativa-e-educacao\/\">GE 2019.1 : Justi\u00e7a Restaurativa e Educa\u00e7\u00e3o<\/a>\n            <\/div>\n    <div class=\"element element_5  excerpt \">\n        No dia 06\/04, retomaremos os encontros do Grupo de Estudos em Justi\u00e7a Restaurativa e Processos Circulares. Neste semestre, o grupo            <\/div>\n            <a class=\"element element_6  read_more \"\n            target=\"\"\n            href=\"https:\/\/ciranda.direito.ufmg.br\/index.php\/ge-2019-1-justica-restaurativa-e-educacao\/\"><\/a>\n        <\/div>\n    <\/div>\n  <\/div><div class=\"item item-2388 skin flat odd 9 \">\n        <div class=\"layer-wrapper layout-2532\">\n          <div class=\"layer-media \"\n        id=\"\">\n        <div\n        class=\"element element_1  element-media \">\n        <img decoding=\"async\" src=\"https:\/\/ciranda.direito.ufmg.br\/wp-content\/uploads\/2019\/02\/image.png\" \/>    <\/div>\n    <\/div>\n    <div class=\"layer-content element_3\"\n        id=\"\">\n        <div class=\"element element_4  title \">\n                    <a target=\"\"\n                href=\"https:\/\/ciranda.direito.ufmg.br\/index.php\/disciplina-de-justica-restaurativa-2019-1\/\">Disciplina de Justi\u00e7a Restaurativa 2019.1<\/a>\n            <\/div>\n    <div class=\"element element_5  excerpt \">\n        O professor Fernando Jayme, coordenador do Projeto Ciranda, ofertar\u00e1, com o apoio das extensionistas Camila Bicalho e J\u00falia Muinhos, disciplina            <\/div>\n            <a class=\"element element_6  read_more \"\n            target=\"\"\n            href=\"https:\/\/ciranda.direito.ufmg.br\/index.php\/disciplina-de-justica-restaurativa-2019-1\/\"><\/a>\n        <\/div>\n    <\/div>\n  <\/div>    <\/div>\n    <div class=\"pagination\">\n      <div class=\"paginate\">\n    <span aria-current=\"page\" class=\"page-numbers current\">1<\/span>\n<a class=\"page-numbers\" href=\"https:\/\/ciranda.direito.ufmg.br\/index.php\/wp-json\/wp\/v2\/pages\/1546\/page\/2\/\">2<\/a>\n<a class=\"next page-numbers\" href=\"https:\/\/ciranda.direito.ufmg.br\/index.php\/wp-json\/wp\/v2\/pages\/1546\/page\/2\/\">Next \u00bb<\/a>  <\/div>\n  <style type=\"text\/css\">\n    #post-grid-2331 .pagination .page-numbers {\n      font-size: 17px;\n      color: #646464;\n      background: #646464;\n    }\n\n    #post-grid-2331 .pagination .page-numbers:hover,\n    #post-grid-2331 .pagination .page-numbers.current {\n      background: #4b4b4b;\n    }\n  <\/style>\n  <\/div>\n        <style type=\"text\/css\">\n            .layout-2532 .element_0 {\n                            }\n\n                    <\/style>\n        <style type=\"text\/css\">\n        .layout-2532 .element_1 {\n            overflow: hidden;\n                    }\n\n        .layout-2532 .element_1 img {\n            max-width: 100%;\n            height: auto;\n        }\n\n        @media only screen and (min-width: 1024px) {\n            .layout-2532 .element_1 {\n                height: auto;\n                            }\n        }\n\n        @media only screen and (min-width: 768px) and (max-width: 1023px) {\n            .layout-2532 .element_1 {\n                height: auto;\n                            }\n        }\n\n        @media only screen and (min-width: 0px) and (max-width: 767px) {\n            .layout-2532 .element_1 {\n                height: auto;\n                            }\n        }\n    <\/style>\n        <style type=\"text\/css\">\n            .layout-2532 .element_3 {\n                            }\n\n                    <\/style>\n        <style type=\"text\/css\">\n        .layout-2532 .element_4 {\n            display: block;font-size: 21px;line-height: normal;padding: 5px 10px;text-align: left;        }\n\n        .layout-2532 .element_4 a {\n            display: block;font-size: 21px;line-height: normal;padding: 5px 10px;text-align: left;        }\n    <\/style>\n    <style type=\"text\/css\">\n        .layout-2532 .element_5 {\n            display: block;font-size: 12px;padding: 5px 10px;text-align: left;        }\n\n        .layout-2532 .element_5 a {\n                    }\n    <\/style>\n    <style type=\"text\/css\">\n        .layout-2532 .element_6 {\n            display: block;font-size: 12px;font-weight: bold;padding: 0 10px;text-align: left;        }\n\n        .layout-2532 .element_6 a {\n                    }\n    <\/style>\n      <style type=\"text\/css\">\n      \/*Write your CSS code here*\/    <\/style>\n        <style type=\"text\/css\">\n      .layout-2532 a{text-decoration:none}\r\n.layout-2532 {\r\n  vertical-align: top;\r\n}\r\n.layout-2532 .layer-media{}\r\n.layout-2532 .layer-content {\r\n}    <\/style>\n    <script>\n          \/*Write your js code here*\/          <\/script>\n    <style type=\"text\/css\">\n    #post-grid-2331 {\n      padding: 10px;\n      background-color: #fff;\n          }\n\n    #post-grid-2331 .item {\n      background: #fff;\n          }\n\n    #post-grid-2331 .item .layer-media {\n      height:auto;    }\n\n    @media only screen and (min-width: 0px) and (max-width: 767px) {\n      #post-grid-2331 .grid-items {\n        text-align: center;\n              }\n\n      #post-grid-2331 .item {\n        width: 90%;\n        margin: 10px;\n        display: inline-block;\n        vertical-align: top;\n        height:auto;      }\n    }\n\n    @media only screen and (min-width: 768px) and (max-width: 1023px) {\n      #post-grid-2331 .grid-items {\n        text-align: center;\n              }\n\n      #post-grid-2331 .item {\n        width: 280px;\n        margin: 10px;\n        display: inline-block;\n        vertical-align: top;\n        max-height:auto;      }\n    }\n\n    @media only screen and (min-width: 1024px) {\n      #post-grid-2331 .grid-items {\n        text-align: center;\n              }\n\n      #post-grid-2331 .item {\n        width: 280px;\n        display: inline-block;\n        margin: 10px;\n        vertical-align: top;\n        height:auto;      }\n    }\n\n      <\/style>\n  <\/div>\n\n","protected":false},"excerpt":{"rendered":"","protected":false},"author":1,"featured_media":0,"parent":0,"menu_order":0,"comment_status":"closed","ping_status":"closed","template":"","meta":{"footnotes":""},"class_list":["post-1546","page","type-page","status-publish","hentry"],"yoast_head":"<!-- This site is optimized with the Yoast SEO plugin v25.3 - https:\/\/yoast.com\/wordpress\/plugins\/seo\/ -->\n<title>Not\u00edcias - Ciranda<\/title>\n<meta name=\"robots\" content=\"index, follow, max-snippet:-1, max-image-preview:large, max-video-preview:-1\" \/>\n<link rel=\"canonical\" href=\"https:\/\/ciranda.direito.ufmg.br\/\" \/>\n<meta property=\"og:locale\" content=\"pt_BR\" \/>\n<meta property=\"og:type\" content=\"article\" \/>\n<meta property=\"og:title\" content=\"Not\u00edcias - Ciranda\" \/>\n<meta property=\"og:url\" content=\"https:\/\/ciranda.direito.ufmg.br\/\" \/>\n<meta property=\"og:site_name\" content=\"Ciranda\" \/>\n<meta property=\"article:publisher\" content=\"https:\/\/www.facebook.com\/cirandaufmg\/\" \/>\n<meta property=\"article:modified_time\" content=\"2020-04-28T16:35:02+00:00\" \/>\n<meta name=\"twitter:card\" content=\"summary_large_image\" \/>\n<script type=\"application\/ld+json\" class=\"yoast-schema-graph\">{\"@context\":\"https:\/\/schema.org\",\"@graph\":[{\"@type\":\"WebPage\",\"@id\":\"https:\/\/ciranda.direito.ufmg.br\/\",\"url\":\"https:\/\/ciranda.direito.ufmg.br\/\",\"name\":\"Not\u00edcias - Ciranda\",\"isPartOf\":{\"@id\":\"https:\/\/ciranda.direito.ufmg.br\/#website\"},\"datePublished\":\"2017-11-17T15:54:41+00:00\",\"dateModified\":\"2020-04-28T16:35:02+00:00\",\"breadcrumb\":{\"@id\":\"https:\/\/ciranda.direito.ufmg.br\/#breadcrumb\"},\"inLanguage\":\"pt-BR\",\"potentialAction\":[{\"@type\":\"ReadAction\",\"target\":[\"https:\/\/ciranda.direito.ufmg.br\/\"]}]},{\"@type\":\"BreadcrumbList\",\"@id\":\"https:\/\/ciranda.direito.ufmg.br\/#breadcrumb\",\"itemListElement\":[{\"@type\":\"ListItem\",\"position\":1,\"name\":\"In\u00edcio\",\"item\":\"https:\/\/ciranda.direito.ufmg.br\/\"},{\"@type\":\"ListItem\",\"position\":2,\"name\":\"Not\u00edcias\"}]},{\"@type\":\"WebSite\",\"@id\":\"https:\/\/ciranda.direito.ufmg.br\/#website\",\"url\":\"https:\/\/ciranda.direito.ufmg.br\/\",\"name\":\"Ciranda\",\"description\":\"Justi\u00e7a Restaurativa\",\"publisher\":{\"@id\":\"https:\/\/ciranda.direito.ufmg.br\/#organization\"},\"potentialAction\":[{\"@type\":\"SearchAction\",\"target\":{\"@type\":\"EntryPoint\",\"urlTemplate\":\"https:\/\/ciranda.direito.ufmg.br\/?s={search_term_string}\"},\"query-input\":{\"@type\":\"PropertyValueSpecification\",\"valueRequired\":true,\"valueName\":\"search_term_string\"}}],\"inLanguage\":\"pt-BR\"},{\"@type\":\"Organization\",\"@id\":\"https:\/\/ciranda.direito.ufmg.br\/#organization\",\"name\":\"Ciranda\",\"url\":\"https:\/\/ciranda.direito.ufmg.br\/\",\"logo\":{\"@type\":\"ImageObject\",\"inLanguage\":\"pt-BR\",\"@id\":\"https:\/\/ciranda.direito.ufmg.br\/#\/schema\/logo\/image\/\",\"url\":\"https:\/\/ciranda.direito.ufmg.br\/wp-content\/uploads\/2018\/08\/ciranda-logo-com-nome.png\",\"contentUrl\":\"https:\/\/ciranda.direito.ufmg.br\/wp-content\/uploads\/2018\/08\/ciranda-logo-com-nome.png\",\"width\":840,\"height\":700,\"caption\":\"Ciranda\"},\"image\":{\"@id\":\"https:\/\/ciranda.direito.ufmg.br\/#\/schema\/logo\/image\/\"},\"sameAs\":[\"https:\/\/www.facebook.com\/cirandaufmg\/\",\"https:\/\/www.instagram.com\/cirandaufmg\/\"]}]}<\/script>\n<!-- \/ Yoast SEO plugin. -->","yoast_head_json":{"title":"Not\u00edcias - Ciranda","robots":{"index":"index","follow":"follow","max-snippet":"max-snippet:-1","max-image-preview":"max-image-preview:large","max-video-preview":"max-video-preview:-1"},"canonical":"https:\/\/ciranda.direito.ufmg.br\/","og_locale":"pt_BR","og_type":"article","og_title":"Not\u00edcias - Ciranda","og_url":"https:\/\/ciranda.direito.ufmg.br\/","og_site_name":"Ciranda","article_publisher":"https:\/\/www.facebook.com\/cirandaufmg\/","article_modified_time":"2020-04-28T16:35:02+00:00","twitter_card":"summary_large_image","schema":{"@context":"https:\/\/schema.org","@graph":[{"@type":"WebPage","@id":"https:\/\/ciranda.direito.ufmg.br\/","url":"https:\/\/ciranda.direito.ufmg.br\/","name":"Not\u00edcias - Ciranda","isPartOf":{"@id":"https:\/\/ciranda.direito.ufmg.br\/#website"},"datePublished":"2017-11-17T15:54:41+00:00","dateModified":"2020-04-28T16:35:02+00:00","breadcrumb":{"@id":"https:\/\/ciranda.direito.ufmg.br\/#breadcrumb"},"inLanguage":"pt-BR","potentialAction":[{"@type":"ReadAction","target":["https:\/\/ciranda.direito.ufmg.br\/"]}]},{"@type":"BreadcrumbList","@id":"https:\/\/ciranda.direito.ufmg.br\/#breadcrumb","itemListElement":[{"@type":"ListItem","position":1,"name":"In\u00edcio","item":"https:\/\/ciranda.direito.ufmg.br\/"},{"@type":"ListItem","position":2,"name":"Not\u00edcias"}]},{"@type":"WebSite","@id":"https:\/\/ciranda.direito.ufmg.br\/#website","url":"https:\/\/ciranda.direito.ufmg.br\/","name":"Ciranda","description":"Justi\u00e7a Restaurativa","publisher":{"@id":"https:\/\/ciranda.direito.ufmg.br\/#organization"},"potentialAction":[{"@type":"SearchAction","target":{"@type":"EntryPoint","urlTemplate":"https:\/\/ciranda.direito.ufmg.br\/?s={search_term_string}"},"query-input":{"@type":"PropertyValueSpecification","valueRequired":true,"valueName":"search_term_string"}}],"inLanguage":"pt-BR"},{"@type":"Organization","@id":"https:\/\/ciranda.direito.ufmg.br\/#organization","name":"Ciranda","url":"https:\/\/ciranda.direito.ufmg.br\/","logo":{"@type":"ImageObject","inLanguage":"pt-BR","@id":"https:\/\/ciranda.direito.ufmg.br\/#\/schema\/logo\/image\/","url":"https:\/\/ciranda.direito.ufmg.br\/wp-content\/uploads\/2018\/08\/ciranda-logo-com-nome.png","contentUrl":"https:\/\/ciranda.direito.ufmg.br\/wp-content\/uploads\/2018\/08\/ciranda-logo-com-nome.png","width":840,"height":700,"caption":"Ciranda"},"image":{"@id":"https:\/\/ciranda.direito.ufmg.br\/#\/schema\/logo\/image\/"},"sameAs":["https:\/\/www.facebook.com\/cirandaufmg\/","https:\/\/www.instagram.com\/cirandaufmg\/"]}]}},"_links":{"self":[{"href":"https:\/\/ciranda.direito.ufmg.br\/index.php\/wp-json\/wp\/v2\/pages\/1546","targetHints":{"allow":["GET"]}}],"collection":[{"href":"https:\/\/ciranda.direito.ufmg.br\/index.php\/wp-json\/wp\/v2\/pages"}],"about":[{"href":"https:\/\/ciranda.direito.ufmg.br\/index.php\/wp-json\/wp\/v2\/types\/page"}],"author":[{"embeddable":true,"href":"https:\/\/ciranda.direito.ufmg.br\/index.php\/wp-json\/wp\/v2\/users\/1"}],"replies":[{"embeddable":true,"href":"https:\/\/ciranda.direito.ufmg.br\/index.php\/wp-json\/wp\/v2\/comments?post=1546"}],"version-history":[{"count":0,"href":"https:\/\/ciranda.direito.ufmg.br\/index.php\/wp-json\/wp\/v2\/pages\/1546\/revisions"}],"wp:attachment":[{"href":"https:\/\/ciranda.direito.ufmg.br\/index.php\/wp-json\/wp\/v2\/media?parent=1546"}],"curies":[{"name":"wp","href":"https:\/\/api.w.org\/{rel}","templated":true}]}}