{"id":1512,"date":"2017-11-17T13:42:41","date_gmt":"2017-11-17T15:42:41","guid":{"rendered":"http:\/\/150.164.104.182:8080\/direito\/?page_id=1512"},"modified":"2020-04-28T13:35:02","modified_gmt":"2020-04-28T16:35:02","slug":"jr-nas-escolas","status":"publish","type":"page","link":"https:\/\/ciranda.direito.ufmg.br\/index.php\/jr-nas-escolas\/","title":{"rendered":"JR nas escolas"},"content":{"rendered":"<p class=\"western\" align=\"JUSTIFY\">Acreditando nas potencialidades do ambiente escolar, local de conviv\u00eancia cont\u00ednua e de intensas trocas, o Ciranda v\u00ea na atua\u00e7\u00e3o nas Escolas uma grande oportunidade de difus\u00e3o de uma Cultura de Paz. O Ciranda vem construindo, junto \u00e0s comunidades escolares, novos paradigmas relacionais, seja por meio da transforma\u00e7\u00e3o da vis\u00e3o sobre os conflitos escolares, seja por meio da harmoniza\u00e7\u00e3o e aperfei\u00e7oamento das formas de comunica\u00e7\u00e3o entre os membros da comunidade escolar.<\/p>\n<p class=\"western\" align=\"JUSTIFY\">Essas transforma\u00e7\u00f5es permitem que a escola se torne um ambiente mais dial\u00f3gico, onde, por meio do respeito constru\u00eddo, haver\u00e1 a valoriza\u00e7\u00e3o das rela\u00e7\u00f5es e la\u00e7os dessa comunidade, atrav\u00e9s de um pensamento formador e inclusivo de comunidade escolar, onde os profissionais observam as crian\u00e7as e jovens como membros de um todo e vice-versa, ressignificando seus la\u00e7os de pertencimento com a escola, n\u00e3o mais fomentando uma vis\u00e3o estigmatizante e excludente, principalmente diante dos conflitos escolares.<\/p>\n<p class=\"western\" align=\"JUSTIFY\">Essa experi\u00eancia no ambiente escolar teve in\u00edcio em 2017, quando o Ciranda come\u00e7ou sua atua\u00e7\u00e3o na Escola Municipal Anne Frank, sendo que, no ano de 2018, tal experi\u00eancia se expandiu e se intensificou, com o Programa N\u00d3S de Justi\u00e7a Restaurativa nas Escolas.<\/p>\n<p class=\"western\" align=\"JUSTIFY\">O citado Programa teve seu conte\u00fado preparado pelo Ciranda, feito a partir de contribui\u00e7\u00f5es da Comiss\u00e3o de Justi\u00e7a Restaurativa do F\u00f3rum Permanente do Sistema de Atendimento Socioeducativo de Belo Horizonte e de alguns estudantes da Rede P\u00fablica de Ensino de Belo Horizonte.<\/p>\n<p class=\"western\" align=\"JUSTIFY\">Al\u00e9m disso, Comit\u00ea Gestor do Programa e o Ciranda foram respons\u00e1veis pela forma\u00e7\u00e3o e alinhamento dos tutores que atuar\u00e3o pelo N\u00d3S, sendo que grande parte desses tutores pertencem ao Ciranda.<\/p>\n","protected":false},"excerpt":{"rendered":"<p>Acreditando nas potencialidades do ambiente escolar, local de conviv\u00eancia cont\u00ednua e de intensas trocas, o Ciranda v\u00ea na atua\u00e7\u00e3o nas Escolas uma grande oportunidade de difus\u00e3o de uma Cultura de Paz. O Ciranda vem construindo,<br \/><a class=\"read-more\" href=\"https:\/\/ciranda.direito.ufmg.br\/index.php\/jr-nas-escolas\/\">Read More<\/a><\/p>\n","protected":false},"author":1,"featured_media":0,"parent":0,"menu_order":0,"comment_status":"closed","ping_status":"closed","template":"","meta":{"footnotes":""},"class_list":["post-1512","page","type-page","status-publish","hentry"],"yoast_head":"<!-- This site is optimized with the Yoast SEO plugin v25.3 - https:\/\/yoast.com\/wordpress\/plugins\/seo\/ -->\n<title>JR nas escolas - Ciranda<\/title>\n<meta name=\"robots\" content=\"index, follow, max-snippet:-1, max-image-preview:large, max-video-preview:-1\" \/>\n<link rel=\"canonical\" href=\"https:\/\/ciranda.direito.ufmg.br\/index.php\/jr-nas-escolas\/\" \/>\n<meta property=\"og:locale\" content=\"pt_BR\" \/>\n<meta property=\"og:type\" content=\"article\" \/>\n<meta property=\"og:title\" content=\"JR nas escolas - Ciranda\" \/>\n<meta property=\"og:description\" content=\"Acreditando nas potencialidades do ambiente escolar, local de conviv\u00eancia cont\u00ednua e de intensas trocas, o Ciranda v\u00ea na atua\u00e7\u00e3o nas Escolas uma grande oportunidade de difus\u00e3o de uma Cultura de Paz. O Ciranda vem construindo,Read More\" \/>\n<meta property=\"og:url\" content=\"https:\/\/ciranda.direito.ufmg.br\/index.php\/jr-nas-escolas\/\" \/>\n<meta property=\"og:site_name\" content=\"Ciranda\" \/>\n<meta property=\"article:publisher\" content=\"https:\/\/www.facebook.com\/cirandaufmg\/\" \/>\n<meta property=\"article:modified_time\" content=\"2020-04-28T16:35:02+00:00\" \/>\n<meta name=\"twitter:card\" content=\"summary_large_image\" \/>\n<meta name=\"twitter:label1\" content=\"Est. tempo de leitura\" \/>\n\t<meta name=\"twitter:data1\" content=\"1 minuto\" \/>\n<script type=\"application\/ld+json\" class=\"yoast-schema-graph\">{\"@context\":\"https:\/\/schema.org\",\"@graph\":[{\"@type\":\"WebPage\",\"@id\":\"https:\/\/ciranda.direito.ufmg.br\/index.php\/jr-nas-escolas\/\",\"url\":\"https:\/\/ciranda.direito.ufmg.br\/index.php\/jr-nas-escolas\/\",\"name\":\"JR nas escolas - Ciranda\",\"isPartOf\":{\"@id\":\"https:\/\/ciranda.direito.ufmg.br\/#website\"},\"datePublished\":\"2017-11-17T15:42:41+00:00\",\"dateModified\":\"2020-04-28T16:35:02+00:00\",\"breadcrumb\":{\"@id\":\"https:\/\/ciranda.direito.ufmg.br\/index.php\/jr-nas-escolas\/#breadcrumb\"},\"inLanguage\":\"pt-BR\",\"potentialAction\":[{\"@type\":\"ReadAction\",\"target\":[\"https:\/\/ciranda.direito.ufmg.br\/index.php\/jr-nas-escolas\/\"]}]},{\"@type\":\"BreadcrumbList\",\"@id\":\"https:\/\/ciranda.direito.ufmg.br\/index.php\/jr-nas-escolas\/#breadcrumb\",\"itemListElement\":[{\"@type\":\"ListItem\",\"position\":1,\"name\":\"In\u00edcio\",\"item\":\"https:\/\/ciranda.direito.ufmg.br\/\"},{\"@type\":\"ListItem\",\"position\":2,\"name\":\"JR nas escolas\"}]},{\"@type\":\"WebSite\",\"@id\":\"https:\/\/ciranda.direito.ufmg.br\/#website\",\"url\":\"https:\/\/ciranda.direito.ufmg.br\/\",\"name\":\"Ciranda\",\"description\":\"Justi\u00e7a Restaurativa\",\"publisher\":{\"@id\":\"https:\/\/ciranda.direito.ufmg.br\/#organization\"},\"potentialAction\":[{\"@type\":\"SearchAction\",\"target\":{\"@type\":\"EntryPoint\",\"urlTemplate\":\"https:\/\/ciranda.direito.ufmg.br\/?s={search_term_string}\"},\"query-input\":{\"@type\":\"PropertyValueSpecification\",\"valueRequired\":true,\"valueName\":\"search_term_string\"}}],\"inLanguage\":\"pt-BR\"},{\"@type\":\"Organization\",\"@id\":\"https:\/\/ciranda.direito.ufmg.br\/#organization\",\"name\":\"Ciranda\",\"url\":\"https:\/\/ciranda.direito.ufmg.br\/\",\"logo\":{\"@type\":\"ImageObject\",\"inLanguage\":\"pt-BR\",\"@id\":\"https:\/\/ciranda.direito.ufmg.br\/#\/schema\/logo\/image\/\",\"url\":\"https:\/\/ciranda.direito.ufmg.br\/wp-content\/uploads\/2018\/08\/ciranda-logo-com-nome.png\",\"contentUrl\":\"https:\/\/ciranda.direito.ufmg.br\/wp-content\/uploads\/2018\/08\/ciranda-logo-com-nome.png\",\"width\":840,\"height\":700,\"caption\":\"Ciranda\"},\"image\":{\"@id\":\"https:\/\/ciranda.direito.ufmg.br\/#\/schema\/logo\/image\/\"},\"sameAs\":[\"https:\/\/www.facebook.com\/cirandaufmg\/\",\"https:\/\/www.instagram.com\/cirandaufmg\/\"]}]}<\/script>\n<!-- \/ Yoast SEO plugin. -->","yoast_head_json":{"title":"JR nas escolas - Ciranda","robots":{"index":"index","follow":"follow","max-snippet":"max-snippet:-1","max-image-preview":"max-image-preview:large","max-video-preview":"max-video-preview:-1"},"canonical":"https:\/\/ciranda.direito.ufmg.br\/index.php\/jr-nas-escolas\/","og_locale":"pt_BR","og_type":"article","og_title":"JR nas escolas - Ciranda","og_description":"Acreditando nas potencialidades do ambiente escolar, local de conviv\u00eancia cont\u00ednua e de intensas trocas, o Ciranda v\u00ea na atua\u00e7\u00e3o nas Escolas uma grande oportunidade de difus\u00e3o de uma Cultura de Paz. O Ciranda vem construindo,Read More","og_url":"https:\/\/ciranda.direito.ufmg.br\/index.php\/jr-nas-escolas\/","og_site_name":"Ciranda","article_publisher":"https:\/\/www.facebook.com\/cirandaufmg\/","article_modified_time":"2020-04-28T16:35:02+00:00","twitter_card":"summary_large_image","twitter_misc":{"Est. tempo de leitura":"1 minuto"},"schema":{"@context":"https:\/\/schema.org","@graph":[{"@type":"WebPage","@id":"https:\/\/ciranda.direito.ufmg.br\/index.php\/jr-nas-escolas\/","url":"https:\/\/ciranda.direito.ufmg.br\/index.php\/jr-nas-escolas\/","name":"JR nas escolas - Ciranda","isPartOf":{"@id":"https:\/\/ciranda.direito.ufmg.br\/#website"},"datePublished":"2017-11-17T15:42:41+00:00","dateModified":"2020-04-28T16:35:02+00:00","breadcrumb":{"@id":"https:\/\/ciranda.direito.ufmg.br\/index.php\/jr-nas-escolas\/#breadcrumb"},"inLanguage":"pt-BR","potentialAction":[{"@type":"ReadAction","target":["https:\/\/ciranda.direito.ufmg.br\/index.php\/jr-nas-escolas\/"]}]},{"@type":"BreadcrumbList","@id":"https:\/\/ciranda.direito.ufmg.br\/index.php\/jr-nas-escolas\/#breadcrumb","itemListElement":[{"@type":"ListItem","position":1,"name":"In\u00edcio","item":"https:\/\/ciranda.direito.ufmg.br\/"},{"@type":"ListItem","position":2,"name":"JR nas escolas"}]},{"@type":"WebSite","@id":"https:\/\/ciranda.direito.ufmg.br\/#website","url":"https:\/\/ciranda.direito.ufmg.br\/","name":"Ciranda","description":"Justi\u00e7a Restaurativa","publisher":{"@id":"https:\/\/ciranda.direito.ufmg.br\/#organization"},"potentialAction":[{"@type":"SearchAction","target":{"@type":"EntryPoint","urlTemplate":"https:\/\/ciranda.direito.ufmg.br\/?s={search_term_string}"},"query-input":{"@type":"PropertyValueSpecification","valueRequired":true,"valueName":"search_term_string"}}],"inLanguage":"pt-BR"},{"@type":"Organization","@id":"https:\/\/ciranda.direito.ufmg.br\/#organization","name":"Ciranda","url":"https:\/\/ciranda.direito.ufmg.br\/","logo":{"@type":"ImageObject","inLanguage":"pt-BR","@id":"https:\/\/ciranda.direito.ufmg.br\/#\/schema\/logo\/image\/","url":"https:\/\/ciranda.direito.ufmg.br\/wp-content\/uploads\/2018\/08\/ciranda-logo-com-nome.png","contentUrl":"https:\/\/ciranda.direito.ufmg.br\/wp-content\/uploads\/2018\/08\/ciranda-logo-com-nome.png","width":840,"height":700,"caption":"Ciranda"},"image":{"@id":"https:\/\/ciranda.direito.ufmg.br\/#\/schema\/logo\/image\/"},"sameAs":["https:\/\/www.facebook.com\/cirandaufmg\/","https:\/\/www.instagram.com\/cirandaufmg\/"]}]}},"_links":{"self":[{"href":"https:\/\/ciranda.direito.ufmg.br\/index.php\/wp-json\/wp\/v2\/pages\/1512","targetHints":{"allow":["GET"]}}],"collection":[{"href":"https:\/\/ciranda.direito.ufmg.br\/index.php\/wp-json\/wp\/v2\/pages"}],"about":[{"href":"https:\/\/ciranda.direito.ufmg.br\/index.php\/wp-json\/wp\/v2\/types\/page"}],"author":[{"embeddable":true,"href":"https:\/\/ciranda.direito.ufmg.br\/index.php\/wp-json\/wp\/v2\/users\/1"}],"replies":[{"embeddable":true,"href":"https:\/\/ciranda.direito.ufmg.br\/index.php\/wp-json\/wp\/v2\/comments?post=1512"}],"version-history":[{"count":0,"href":"https:\/\/ciranda.direito.ufmg.br\/index.php\/wp-json\/wp\/v2\/pages\/1512\/revisions"}],"wp:attachment":[{"href":"https:\/\/ciranda.direito.ufmg.br\/index.php\/wp-json\/wp\/v2\/media?parent=1512"}],"curies":[{"name":"wp","href":"https:\/\/api.w.org\/{rel}","templated":true}]}}