{"id":1510,"date":"2017-11-17T13:42:18","date_gmt":"2017-11-17T15:42:18","guid":{"rendered":"http:\/\/150.164.104.182:8080\/direito\/?page_id=1510"},"modified":"2020-04-28T13:35:02","modified_gmt":"2020-04-28T16:35:02","slug":"jr-no-cia","status":"publish","type":"page","link":"https:\/\/ciranda.direito.ufmg.br\/index.php\/jr-no-cia\/","title":{"rendered":"JR no CIA"},"content":{"rendered":"<p class=\"western\" align=\"JUSTIFY\">No ano de 2015 o Ciranda foi fundado, visando sobretudo a possibilidade de atua\u00e7\u00e3o com Justi\u00e7a Restaurativa em casos de adolescentes em conflito com lei.<\/p>\n<p class=\"western\" align=\"JUSTIFY\">Desde 2012, a Lei do Sistema Nacional de Atendimento Socioeducativo &#8211; Sinase (Lei n\u00ba 12.594\/12) prev\u00ea em seu art. 35, III, a \u201cprioridade a pr\u00e1ticas ou medidas que sejam restaurativas e, sempre que poss\u00edvel, atendam \u00e0s necessidades das v\u00edtimas\u201d na execu\u00e7\u00e3o de medidas socioeducativas.<\/p>\n<p class=\"western\" align=\"JUSTIFY\">Em Belo Horizonte, a possibilidade da atua\u00e7\u00e3o do Ciranda junto ao Centro Integrado de Atendimento ao Adolescente Autor de Ato Infracional &#8211; CIA, onde se encontra a Vara Infracional da Inf\u00e2ncia e Juventude, foi efetivada em 12\/05\/2016, quando da assinatura do Protocolo de Coopera\u00e7\u00e3o Interinstitucional no \u00c2mbito do Sistema de Atendimento Socioeducativo de Belo Horizonte.<\/p>\n<p class=\"western\" align=\"JUSTIFY\">At\u00e9 o primeiro semestre de 2018, foram encaminhados ao Ciranda 20 casos, todos atendidos por dupla de facilitadores, sendo realizados diversos atendimentos (pr\u00e9-c\u00edrculos, c\u00edrculos e p\u00f3s-c\u00edrculos) com os jovens, suas fam\u00edlias, v\u00edtimas e apoiadores.<\/p>\n<p class=\"western\" align=\"JUSTIFY\">Ao final dos procedimentos, o Ciranda protocola junto ao processo judicial Relat\u00f3rio Conclusivo contendo as impress\u00f5es das(os) facilitadoras(es) quanto ao reconhecimento do ato, (co)responsabiliza\u00e7\u00e3o, repara\u00e7\u00e3o de danos e (re)integra\u00e7\u00e3o. Al\u00e9m disso, o relat\u00f3rio contempla dados quantitativos dos atendimentos, dados socioecon\u00f4micos e eventual anexo de Plano de A\u00e7\u00e3o acordado.<\/p>\n","protected":false},"excerpt":{"rendered":"<p>No ano de 2015 o Ciranda foi fundado, visando sobretudo a possibilidade de atua\u00e7\u00e3o com Justi\u00e7a Restaurativa em casos de adolescentes em conflito com lei. Desde 2012, a Lei do Sistema Nacional de Atendimento Socioeducativo<br \/><a class=\"read-more\" href=\"https:\/\/ciranda.direito.ufmg.br\/index.php\/jr-no-cia\/\">Read More<\/a><\/p>\n","protected":false},"author":1,"featured_media":0,"parent":0,"menu_order":0,"comment_status":"closed","ping_status":"closed","template":"","meta":{"footnotes":""},"class_list":["post-1510","page","type-page","status-publish","hentry"],"yoast_head":"<!-- This site is optimized with the Yoast SEO plugin v25.3 - https:\/\/yoast.com\/wordpress\/plugins\/seo\/ -->\n<title>JR no CIA - Ciranda<\/title>\n<meta name=\"robots\" content=\"index, follow, max-snippet:-1, max-image-preview:large, max-video-preview:-1\" \/>\n<link rel=\"canonical\" href=\"https:\/\/ciranda.direito.ufmg.br\/index.php\/jr-no-cia\/\" \/>\n<meta property=\"og:locale\" content=\"pt_BR\" \/>\n<meta property=\"og:type\" content=\"article\" \/>\n<meta property=\"og:title\" content=\"JR no CIA - Ciranda\" \/>\n<meta property=\"og:description\" content=\"No ano de 2015 o Ciranda foi fundado, visando sobretudo a possibilidade de atua\u00e7\u00e3o com Justi\u00e7a Restaurativa em casos de adolescentes em conflito com lei. Desde 2012, a Lei do Sistema Nacional de Atendimento SocioeducativoRead More\" \/>\n<meta property=\"og:url\" content=\"https:\/\/ciranda.direito.ufmg.br\/index.php\/jr-no-cia\/\" \/>\n<meta property=\"og:site_name\" content=\"Ciranda\" \/>\n<meta property=\"article:publisher\" content=\"https:\/\/www.facebook.com\/cirandaufmg\/\" \/>\n<meta property=\"article:modified_time\" content=\"2020-04-28T16:35:02+00:00\" \/>\n<meta name=\"twitter:card\" content=\"summary_large_image\" \/>\n<meta name=\"twitter:label1\" content=\"Est. tempo de leitura\" \/>\n\t<meta name=\"twitter:data1\" content=\"1 minuto\" \/>\n<script type=\"application\/ld+json\" class=\"yoast-schema-graph\">{\"@context\":\"https:\/\/schema.org\",\"@graph\":[{\"@type\":\"WebPage\",\"@id\":\"https:\/\/ciranda.direito.ufmg.br\/index.php\/jr-no-cia\/\",\"url\":\"https:\/\/ciranda.direito.ufmg.br\/index.php\/jr-no-cia\/\",\"name\":\"JR no CIA - Ciranda\",\"isPartOf\":{\"@id\":\"https:\/\/ciranda.direito.ufmg.br\/#website\"},\"datePublished\":\"2017-11-17T15:42:18+00:00\",\"dateModified\":\"2020-04-28T16:35:02+00:00\",\"breadcrumb\":{\"@id\":\"https:\/\/ciranda.direito.ufmg.br\/index.php\/jr-no-cia\/#breadcrumb\"},\"inLanguage\":\"pt-BR\",\"potentialAction\":[{\"@type\":\"ReadAction\",\"target\":[\"https:\/\/ciranda.direito.ufmg.br\/index.php\/jr-no-cia\/\"]}]},{\"@type\":\"BreadcrumbList\",\"@id\":\"https:\/\/ciranda.direito.ufmg.br\/index.php\/jr-no-cia\/#breadcrumb\",\"itemListElement\":[{\"@type\":\"ListItem\",\"position\":1,\"name\":\"In\u00edcio\",\"item\":\"https:\/\/ciranda.direito.ufmg.br\/\"},{\"@type\":\"ListItem\",\"position\":2,\"name\":\"JR no CIA\"}]},{\"@type\":\"WebSite\",\"@id\":\"https:\/\/ciranda.direito.ufmg.br\/#website\",\"url\":\"https:\/\/ciranda.direito.ufmg.br\/\",\"name\":\"Ciranda\",\"description\":\"Justi\u00e7a Restaurativa\",\"publisher\":{\"@id\":\"https:\/\/ciranda.direito.ufmg.br\/#organization\"},\"potentialAction\":[{\"@type\":\"SearchAction\",\"target\":{\"@type\":\"EntryPoint\",\"urlTemplate\":\"https:\/\/ciranda.direito.ufmg.br\/?s={search_term_string}\"},\"query-input\":{\"@type\":\"PropertyValueSpecification\",\"valueRequired\":true,\"valueName\":\"search_term_string\"}}],\"inLanguage\":\"pt-BR\"},{\"@type\":\"Organization\",\"@id\":\"https:\/\/ciranda.direito.ufmg.br\/#organization\",\"name\":\"Ciranda\",\"url\":\"https:\/\/ciranda.direito.ufmg.br\/\",\"logo\":{\"@type\":\"ImageObject\",\"inLanguage\":\"pt-BR\",\"@id\":\"https:\/\/ciranda.direito.ufmg.br\/#\/schema\/logo\/image\/\",\"url\":\"https:\/\/ciranda.direito.ufmg.br\/wp-content\/uploads\/2018\/08\/ciranda-logo-com-nome.png\",\"contentUrl\":\"https:\/\/ciranda.direito.ufmg.br\/wp-content\/uploads\/2018\/08\/ciranda-logo-com-nome.png\",\"width\":840,\"height\":700,\"caption\":\"Ciranda\"},\"image\":{\"@id\":\"https:\/\/ciranda.direito.ufmg.br\/#\/schema\/logo\/image\/\"},\"sameAs\":[\"https:\/\/www.facebook.com\/cirandaufmg\/\",\"https:\/\/www.instagram.com\/cirandaufmg\/\"]}]}<\/script>\n<!-- \/ Yoast SEO plugin. -->","yoast_head_json":{"title":"JR no CIA - Ciranda","robots":{"index":"index","follow":"follow","max-snippet":"max-snippet:-1","max-image-preview":"max-image-preview:large","max-video-preview":"max-video-preview:-1"},"canonical":"https:\/\/ciranda.direito.ufmg.br\/index.php\/jr-no-cia\/","og_locale":"pt_BR","og_type":"article","og_title":"JR no CIA - Ciranda","og_description":"No ano de 2015 o Ciranda foi fundado, visando sobretudo a possibilidade de atua\u00e7\u00e3o com Justi\u00e7a Restaurativa em casos de adolescentes em conflito com lei. Desde 2012, a Lei do Sistema Nacional de Atendimento SocioeducativoRead More","og_url":"https:\/\/ciranda.direito.ufmg.br\/index.php\/jr-no-cia\/","og_site_name":"Ciranda","article_publisher":"https:\/\/www.facebook.com\/cirandaufmg\/","article_modified_time":"2020-04-28T16:35:02+00:00","twitter_card":"summary_large_image","twitter_misc":{"Est. tempo de leitura":"1 minuto"},"schema":{"@context":"https:\/\/schema.org","@graph":[{"@type":"WebPage","@id":"https:\/\/ciranda.direito.ufmg.br\/index.php\/jr-no-cia\/","url":"https:\/\/ciranda.direito.ufmg.br\/index.php\/jr-no-cia\/","name":"JR no CIA - Ciranda","isPartOf":{"@id":"https:\/\/ciranda.direito.ufmg.br\/#website"},"datePublished":"2017-11-17T15:42:18+00:00","dateModified":"2020-04-28T16:35:02+00:00","breadcrumb":{"@id":"https:\/\/ciranda.direito.ufmg.br\/index.php\/jr-no-cia\/#breadcrumb"},"inLanguage":"pt-BR","potentialAction":[{"@type":"ReadAction","target":["https:\/\/ciranda.direito.ufmg.br\/index.php\/jr-no-cia\/"]}]},{"@type":"BreadcrumbList","@id":"https:\/\/ciranda.direito.ufmg.br\/index.php\/jr-no-cia\/#breadcrumb","itemListElement":[{"@type":"ListItem","position":1,"name":"In\u00edcio","item":"https:\/\/ciranda.direito.ufmg.br\/"},{"@type":"ListItem","position":2,"name":"JR no CIA"}]},{"@type":"WebSite","@id":"https:\/\/ciranda.direito.ufmg.br\/#website","url":"https:\/\/ciranda.direito.ufmg.br\/","name":"Ciranda","description":"Justi\u00e7a Restaurativa","publisher":{"@id":"https:\/\/ciranda.direito.ufmg.br\/#organization"},"potentialAction":[{"@type":"SearchAction","target":{"@type":"EntryPoint","urlTemplate":"https:\/\/ciranda.direito.ufmg.br\/?s={search_term_string}"},"query-input":{"@type":"PropertyValueSpecification","valueRequired":true,"valueName":"search_term_string"}}],"inLanguage":"pt-BR"},{"@type":"Organization","@id":"https:\/\/ciranda.direito.ufmg.br\/#organization","name":"Ciranda","url":"https:\/\/ciranda.direito.ufmg.br\/","logo":{"@type":"ImageObject","inLanguage":"pt-BR","@id":"https:\/\/ciranda.direito.ufmg.br\/#\/schema\/logo\/image\/","url":"https:\/\/ciranda.direito.ufmg.br\/wp-content\/uploads\/2018\/08\/ciranda-logo-com-nome.png","contentUrl":"https:\/\/ciranda.direito.ufmg.br\/wp-content\/uploads\/2018\/08\/ciranda-logo-com-nome.png","width":840,"height":700,"caption":"Ciranda"},"image":{"@id":"https:\/\/ciranda.direito.ufmg.br\/#\/schema\/logo\/image\/"},"sameAs":["https:\/\/www.facebook.com\/cirandaufmg\/","https:\/\/www.instagram.com\/cirandaufmg\/"]}]}},"_links":{"self":[{"href":"https:\/\/ciranda.direito.ufmg.br\/index.php\/wp-json\/wp\/v2\/pages\/1510","targetHints":{"allow":["GET"]}}],"collection":[{"href":"https:\/\/ciranda.direito.ufmg.br\/index.php\/wp-json\/wp\/v2\/pages"}],"about":[{"href":"https:\/\/ciranda.direito.ufmg.br\/index.php\/wp-json\/wp\/v2\/types\/page"}],"author":[{"embeddable":true,"href":"https:\/\/ciranda.direito.ufmg.br\/index.php\/wp-json\/wp\/v2\/users\/1"}],"replies":[{"embeddable":true,"href":"https:\/\/ciranda.direito.ufmg.br\/index.php\/wp-json\/wp\/v2\/comments?post=1510"}],"version-history":[{"count":0,"href":"https:\/\/ciranda.direito.ufmg.br\/index.php\/wp-json\/wp\/v2\/pages\/1510\/revisions"}],"wp:attachment":[{"href":"https:\/\/ciranda.direito.ufmg.br\/index.php\/wp-json\/wp\/v2\/media?parent=1510"}],"curies":[{"name":"wp","href":"https:\/\/api.w.org\/{rel}","templated":true}]}}